{"id":1135,"date":"2024-05-07T17:57:33","date_gmt":"2024-05-07T20:57:33","guid":{"rendered":"https:\/\/influjobs.com.br\/politica-de-privacidad\/"},"modified":"2024-12-05T13:25:39","modified_gmt":"2024-12-05T16:25:39","slug":"politica-de-privacidad","status":"publish","type":"page","link":"https:\/\/influjobs.com.br\/es\/politica-de-privacidad\/","title":{"rendered":"Pol\u00edtica de privacidad"},"content":{"rendered":"\t\t<div data-elementor-type=\"wp-page\" data-elementor-id=\"1135\" class=\"elementor elementor-1135 elementor-12\" data-elementor-post-type=\"page\">\n\t\t\t\t<div class=\"elementor-element elementor-element-5cf1934 e-flex e-con-boxed e-con e-parent\" data-id=\"5cf1934\" data-element_type=\"container\" data-settings=\"{&quot;jet_parallax_layout_list&quot;:[]}\">\n\t\t\t\t\t<div class=\"e-con-inner\">\n\t\t<div class=\"elementor-element elementor-element-528ee21 e-con-full e-flex e-con e-child\" data-id=\"528ee21\" data-element_type=\"container\" data-settings=\"{&quot;jet_parallax_layout_list&quot;:[]}\">\n\t\t\t\t<div class=\"elementor-element elementor-element-3b872e6 elementor-widget elementor-widget-heading\" data-id=\"3b872e6\" data-element_type=\"widget\" data-widget_type=\"heading.default\">\n\t\t\t\t<div class=\"elementor-widget-container\">\n\t\t\t\t\t<h2 class=\"elementor-heading-title elementor-size-default\">Pol\u00edtica de privacidad<\/h2>\t\t\t\t<\/div>\n\t\t\t\t<\/div>\n\t\t\t\t<div class=\"elementor-element elementor-element-7157483 elementor-widget elementor-widget-text-editor\" data-id=\"7157483\" data-element_type=\"widget\" data-widget_type=\"text-editor.default\">\n\t\t\t\t<div class=\"elementor-widget-container\">\n\t\t\t\t\t\t\t\t\t<p>Tu privacidad es importante para nosotros. La pol\u00edtica de Influjobs es respetar tu privacidad con respecto a cualquier informaci\u00f3n que podamos recopilar de ti a trav\u00e9s de nuestro sitio web, <a href=\"https:\/\/influjobs.com.br\/es\/\">Influjobs<\/a>, y otros sitios que poseemos y operamos. <\/p>\n<p>S\u00f3lo solicitamos informaci\u00f3n personal cuando realmente la necesitamos para prestarte un servicio. Lo hacemos por medios justos y legales, con tu conocimiento y consentimiento. Tambi\u00e9n te decimos por qu\u00e9 la recogemos y c\u00f3mo se utilizar\u00e1.  <\/p>\n<p>S\u00f3lo conservamos la informaci\u00f3n recopilada durante el tiempo necesario para prestar el servicio solicitado. Cuando almacenamos datos, los protegemos con medios comercialmente aceptables para evitar p\u00e9rdidas y robos, as\u00ed como el acceso, la divulgaci\u00f3n, la copia, el uso o la modificaci\u00f3n no autorizados. <\/p>\n<p>No compartimos informaci\u00f3n personal identificable p\u00fablicamente ni con terceros, excepto cuando lo exige la ley.<\/p>\n<p>Nuestro sitio web puede contener enlaces a sitios web externos no gestionados por nosotros. Ten en cuenta que no tenemos control sobre el contenido y las pr\u00e1cticas de estos sitios y no podemos aceptar responsabilidad alguna por sus respectivas <a href=\"https:\/\/politicaprivacidade.com\/\" target=\"_blank\" rel=\"noopener noreferrer\">pol\u00edticas de privacidad<\/a>. <\/p>\n<p>Eres libre de rechazar nuestra solicitud de informaci\u00f3n personal, entendiendo que es posible que no podamos prestarte algunos de los servicios que necesitas.<\/p>\n<p>Tu uso continuado de nuestro sitio web se considerar\u00e1 una aceptaci\u00f3n de nuestras pr\u00e1cticas en torno a la privacidad y la informaci\u00f3n personal. Si tienes alguna pregunta sobre c\u00f3mo tratamos los datos de los usuarios y la informaci\u00f3n personal, ponte en contacto con nosotros. <\/p>\n<ul>\n<li>El servicio Google AdSense que utilizamos para publicar publicidad utiliza una cookie de DoubleClick para publicar anuncios m\u00e1s relevantes en la web y limitar el n\u00famero de veces que se te muestra un anuncio concreto.<\/li>\n<li>Para obtener m\u00e1s informaci\u00f3n sobre Google AdSense, consulta las preguntas frecuentes oficiales sobre privacidad de Google AdSense.<\/li>\n<li>Utilizamos anuncios para compensar los costes de funcionamiento de este sitio y proporcionar financiaci\u00f3n para futuros desarrollos. Las cookies de publicidad comportamental que utiliza este sitio est\u00e1n dise\u00f1adas para garantizar que se te proporcionen los anuncios m\u00e1s relevantes siempre que sea posible, rastreando de forma an\u00f3nima tus intereses y present\u00e1ndote cosas similares que puedan ser de tu inter\u00e9s. <\/li>\n<li>Varios socios se anuncian en nuestro nombre y las cookies de seguimiento de afiliados simplemente nos permiten ver si nuestros clientes han accedido al sitio a trav\u00e9s de uno de los sitios de nuestros socios, para que podamos acreditarlos adecuadamente y, en su caso, permitir a nuestros socios afiliados ofrecer cualquier promoci\u00f3n que pueda brindarte la oportunidad de realizar una compra.<\/li>\n<\/ul>\n<h3>Compromiso del usuario<\/h3>\n<p>El usuario se compromete a hacer un uso adecuado de los contenidos e informaciones que Influjobs ofrece en el sitio web, y ello con car\u00e1cter enunciativo pero no limitativo:<\/p>\n<ul>\n<li>A) No realices actividades ilegales o contrarias a la buena fe o al orden p\u00fablico;<\/li>\n<li>B) No difundas propaganda o contenidos de car\u00e1cter racista, xen\u00f3fobo, <a href=\"https:\/\/bbebbet.br.com\/\">b\u00e9tico<\/a>, de apuestas, cualquier tipo de pornograf\u00eda ilegal, apolog\u00eda del terrorismo o contra los derechos humanos;<\/li>\n<li>C) No provocar da\u00f1os en los sistemas f\u00edsicos (hardware) y l\u00f3gicos (software) de Influjobs, de sus proveedores o de terceras personas, introducir o difundir en la red virus inform\u00e1ticos o cualesquiera otros sistemas f\u00edsicos o l\u00f3gicos que sean susceptibles de provocar los da\u00f1os anteriormente mencionados.<\/li>\n<\/ul>\n<h3>M\u00e1s informaci\u00f3n<\/h3>\n<p>Esperemos que esto se haya aclarado y, como se ha mencionado antes, si hay algo que no est\u00e1s seguro de si necesitas o no, generalmente es m\u00e1s seguro dejar las cookies activadas si interact\u00faas con una de las funciones que utilizas en nuestro sitio.<\/p>\n\t\t\t\t\t\t\t\t<\/div>\n\t\t\t\t<\/div>\n\t\t\t\t<div class=\"elementor-element elementor-element-0967395 elementor-widget elementor-widget-heading\" data-id=\"0967395\" data-element_type=\"widget\" data-widget_type=\"heading.default\">\n\t\t\t\t<div class=\"elementor-widget-container\">\n\t\t\t\t\t<h2 class=\"elementor-heading-title elementor-size-default\">Condiciones de uso<\/h2>\t\t\t\t<\/div>\n\t\t\t\t<\/div>\n\t\t\t\t<div class=\"elementor-element elementor-element-b085edd elementor-widget elementor-widget-text-editor\" data-id=\"b085edd\" data-element_type=\"widget\" data-widget_type=\"text-editor.default\">\n\t\t\t\t<div class=\"elementor-widget-container\">\n\t\t\t\t\t\t\t\t\t<p>Al acceder al sitio Web <a href=\"https:\/\/influjobs.com.br\/es\/\">de Influjobs<\/a>, est\u00e1s aceptando cumplir estas condiciones de servicio, todas las leyes y reglamentos aplicables, y aceptas que eres responsable del cumplimiento de cualquier ley local aplicable. Si no est\u00e1s de acuerdo con cualquiera de estos t\u00e9rminos, se te proh\u00edbe utilizar o acceder a este sitio. Los materiales de este sitio est\u00e1n protegidos por las leyes aplicables sobre derechos de autor y marcas registradas.  <\/p>\n<h2>2. Uso de la licencia<\/h2>\n<p>Se concede permiso para descargar temporalmente una copia de los materiales (informaci\u00f3n o software) del sitio web de Influjobs s\u00f3lo para su visualizaci\u00f3n transitoria personal y no comercial. Esto es la concesi\u00f3n de una licencia, no una transferencia de titularidad, y bajo esta licencia no puedes:   <\/p>\n<ol>\n<li>modificar o copiar los materiales;  <\/li>\n<li>utilizar los materiales para cualquier fin comercial o para su exhibici\u00f3n p\u00fablica (comercial o no comercial);  <\/li>\n<li>intentar descompilar o aplicar ingenier\u00eda inversa a cualquier software contenido en el sitio web de Influjobs;  <\/li>\n<li>eliminar de los materiales cualquier menci\u00f3n de derechos de autor u otros derechos de propiedad; o  <\/li>\n<li>transferir los materiales a otra persona o \u00abreflejar\u00bb los materiales en cualquier otro servidor.<\/li>\n<\/ol>\n<p>Esta licencia terminar\u00e1 autom\u00e1ticamente si violas cualquiera de estas restricciones y puede ser terminada por Influjobs en cualquier momento. Al dejar de ver estos materiales o al finalizar esta licencia, deber\u00e1s eliminar todos los materiales descargados que est\u00e9n en tu posesi\u00f3n, ya sea en formato electr\u00f3nico o impreso. <\/p>\n<h2>3. Descargo de responsabilidad<\/h2>\n<ol>\n<li>Los materiales del sitio web de Influjobs se proporcionan \u00abtal cual\u00bb. Influjobs no ofrece ninguna garant\u00eda, expresa o impl\u00edcita, y por la presente renuncia y niega cualquier otra garant\u00eda, incluyendo, sin limitaci\u00f3n, las garant\u00edas o condiciones impl\u00edcitas de comerciabilidad, idoneidad para un prop\u00f3sito particular, o no infracci\u00f3n de la propiedad intelectual u otra violaci\u00f3n de los derechos. <\/li>\n<li>Adem\u00e1s, Influjobs no garantiza ni hace ninguna declaraci\u00f3n relativa a la exactitud, los resultados probables o la fiabilidad del uso de los materiales en su sitio web de Internet o relacionados de otro modo con dichos materiales o en cualquier sitio vinculado a este sitio.<\/li>\n<\/ol>\n<h2>4. Limitaciones<\/h2>\n<p>En ning\u00fan caso Influjobs o sus proveedores ser\u00e1n responsables de ning\u00fan da\u00f1o (incluyendo, sin limitaci\u00f3n, da\u00f1os por p\u00e9rdida de datos o beneficios, o debidos a la interrupci\u00f3n del negocio) que surjan del uso o incapacidad de usar los materiales de Influjobs, incluso si Influjobs o un representante autorizado de Influjobs ha sido notificado oralmente o por escrito de la posibilidad de tales da\u00f1os. Debido a que algunas jurisdicciones no permiten limitaciones en las garant\u00edas impl\u00edcitas, o limitaciones de responsabilidad por da\u00f1os consecuentes o incidentales, estas limitaciones pueden no aplicarse a ti. <\/p>\n<h2>5. Exactitud de los materiales<\/h2>\n<p>Los materiales que aparecen en el sitio web de Influjobs podr\u00edan incluir errores t\u00e9cnicos, tipogr\u00e1ficos o fotogr\u00e1ficos. Influjobs no garantiza que ninguno de los materiales de su sitio web sea preciso, completo o actual. Influjobs puede realizar cambios en los materiales contenidos en su sitio web en cualquier momento y sin previo aviso. Sin embargo, Influjobs no se compromete a actualizar los materiales.   <\/p>\n<h2>6. Enlaces<\/h2>\n<p>Influjobs no ha analizado todos los sitios enlazados a su sitio Web y no es responsable de los contenidos de ning\u00fan sitio enlazado. La inclusi\u00f3n de cualquier enlace no implica la aprobaci\u00f3n del sitio por parte de Influjobs. El uso de cualquier sitio enlazado corre por cuenta y riesgo del usuario.  <\/p>\n<h3>Modificaciones<\/h3>\n<p>Influjobs puede revisar estos t\u00e9rminos de servicio en cualquier momento sin previo aviso. Al utilizar este sitio, aceptas regirte por la versi\u00f3n actual de estas condiciones de servicio. <\/p>\n<h3>Legislaci\u00f3n aplicable<\/h3>\n<p>Estos t\u00e9rminos y condiciones se rigen e interpretan de acuerdo con las leyes de Influjobs y te sometes irrevocablemente a la jurisdicci\u00f3n exclusiva de los tribunales de ese estado o localidad.<\/p>\n\t\t\t\t\t\t\t\t<\/div>\n\t\t\t\t<\/div>\n\t\t\t\t<\/div>\n\t\t\t\t\t<\/div>\n\t\t\t\t<\/div>\n\t\t\t\t<\/div>\n\t\t","protected":false},"excerpt":{"rendered":"<p>Pol\u00edtica de privacidad Tu privacidad es importante para nosotros. La pol\u00edtica de Influjobs es respetar tu privacidad con respecto a cualquier informaci\u00f3n que podamos recopilar de ti a trav\u00e9s de nuestro sitio web, Influjobs, y otros sitios que poseemos y operamos. S\u00f3lo solicitamos informaci\u00f3n personal cuando realmente la necesitamos para prestarte un servicio. Lo hacemos [&hellip;]<\/p>\n","protected":false},"author":1,"featured_media":0,"parent":0,"menu_order":0,"comment_status":"closed","ping_status":"closed","template":"","meta":{"footnotes":""},"class_list":["post-1135","page","type-page","status-publish","hentry"],"_links":{"self":[{"href":"https:\/\/influjobs.com.br\/es\/wp-json\/wp\/v2\/pages\/1135","targetHints":{"allow":["GET"]}}],"collection":[{"href":"https:\/\/influjobs.com.br\/es\/wp-json\/wp\/v2\/pages"}],"about":[{"href":"https:\/\/influjobs.com.br\/es\/wp-json\/wp\/v2\/types\/page"}],"author":[{"embeddable":true,"href":"https:\/\/influjobs.com.br\/es\/wp-json\/wp\/v2\/users\/1"}],"replies":[{"embeddable":true,"href":"https:\/\/influjobs.com.br\/es\/wp-json\/wp\/v2\/comments?post=1135"}],"version-history":[{"count":2,"href":"https:\/\/influjobs.com.br\/es\/wp-json\/wp\/v2\/pages\/1135\/revisions"}],"predecessor-version":[{"id":1249,"href":"https:\/\/influjobs.com.br\/es\/wp-json\/wp\/v2\/pages\/1135\/revisions\/1249"}],"wp:attachment":[{"href":"https:\/\/influjobs.com.br\/es\/wp-json\/wp\/v2\/media?parent=1135"}],"curies":[{"name":"wp","href":"https:\/\/api.w.org\/{rel}","templated":true}]}}